{"id":10346,"date":"2023-10-05T13:01:19","date_gmt":"2023-10-05T13:01:19","guid":{"rendered":"http:\/\/cannesvillas.fr\/lieu-du-mariage\/"},"modified":"2023-10-30T13:17:56","modified_gmt":"2023-10-30T13:17:56","slug":"lieu-du-mariage","status":"publish","type":"page","link":"https:\/\/cannesvillas.fr\/fr\/lieu-du-mariage\/","title":{"rendered":"Lieu du mariage"},"content":{"rendered":"\t\t<div data-elementor-type=\"wp-page\" data-elementor-id=\"10346\" class=\"elementor elementor-10346\" data-elementor-post-type=\"page\">\n\t\t\t\t\t\t<section class=\"elementor-section elementor-top-section elementor-element elementor-element-7775676 elementor-section-height-min-height elementor-section-boxed elementor-section-height-default elementor-section-items-middle\" data-id=\"7775676\" data-element_type=\"section\" data-e-type=\"section\" data-settings=\"{&quot;background_background&quot;:&quot;classic&quot;}\">\n\t\t\t\t\t\t<div class=\"elementor-container elementor-column-gap-default\">\n\t\t\t\t\t<div class=\"elementor-column elementor-col-100 elementor-top-column elementor-element elementor-element-9cb90af\" data-id=\"9cb90af\" data-element_type=\"column\" data-e-type=\"column\">\n\t\t\t<div class=\"elementor-widget-wrap elementor-element-populated\">\n\t\t\t\t\t\t<div class=\"elementor-element elementor-element-bc06590 elementor-widget elementor-widget-heading\" data-id=\"bc06590\" data-element_type=\"widget\" data-e-type=\"widget\" data-widget_type=\"heading.default\">\n\t\t\t\t<div class=\"elementor-widget-container\">\n\t\t\t\t\t<h2 class=\"elementor-heading-title elementor-size-default\">Lieu du mariage<\/h2>\t\t\t\t<\/div>\n\t\t\t\t<\/div>\n\t\t\t\t\t<\/div>\n\t\t<\/div>\n\t\t\t\t\t<\/div>\n\t\t<\/section>\n\t\t\t\t<section class=\"elementor-section elementor-top-section elementor-element elementor-element-9da68ef elementor-section-boxed elementor-section-height-default elementor-section-height-default\" data-id=\"9da68ef\" data-element_type=\"section\" data-e-type=\"section\">\n\t\t\t\t\t\t<div class=\"elementor-container elementor-column-gap-default\">\n\t\t\t\t\t<div class=\"elementor-column elementor-col-100 elementor-top-column elementor-element elementor-element-6726422\" data-id=\"6726422\" data-element_type=\"column\" data-e-type=\"column\">\n\t\t\t<div class=\"elementor-widget-wrap elementor-element-populated\">\n\t\t\t\t\t\t<div class=\"elementor-element elementor-element-61f4c80 elementor-widget elementor-widget-heading\" data-id=\"61f4c80\" data-element_type=\"widget\" data-e-type=\"widget\" data-widget_type=\"heading.default\">\n\t\t\t\t<div class=\"elementor-widget-container\">\n\t\t\t\t\t<h1 class=\"elementor-heading-title elementor-size-default\">Lieu de mariage Cannes<\/h1>\t\t\t\t<\/div>\n\t\t\t\t<\/div>\n\t\t\t\t<div class=\"elementor-element elementor-element-f341bd7 elementor-widget elementor-widget-text-editor\" data-id=\"f341bd7\" data-element_type=\"widget\" data-e-type=\"widget\" data-widget_type=\"text-editor.default\">\n\t\t\t\t<div class=\"elementor-widget-container\">\n\t\t\t\t\t\t\t\t\t<p>Dans le c\u0153ur illustre de Cannes, les villas de luxe sont l&rsquo;incarnation de l&rsquo;\u00e9l\u00e9gance et de la sophistication, offrant aux couples un cadre idyllique pour entamer leur voyage d&rsquo;amour. Ces domaines exquis, souvent nich\u00e9s au c\u0153ur de jardins m\u00e9diterran\u00e9ens luxuriants et surplombant la C\u00f4te d&rsquo;Azur, offrent un cadre inoubliable pour les c\u00e9l\u00e9brations nuptiales. Des vastes terrasses o\u00f9 les invit\u00e9s peuvent se d\u00e9tendre sous les \u00e9toiles aux int\u00e9rieurs opulents qui \u00e9voquent le charme de l&rsquo;ancien monde et le luxe moderne, chaque villa est une toile unique qui attend la vision d&rsquo;un couple. Avec des vues panoramiques sur la mer d&rsquo;azur, des services impeccables con\u00e7us pour des \u00e9v\u00e9nements sur mesure et l&rsquo;attrait du glamour de la C\u00f4te d&rsquo;Azur, ces villas cannoises ne sont pas seulement des lieux, mais des paysages de r\u00eave o\u00f9 les fantasmes de mariage se transforment en souvenirs tangibles.<\/p>\n\t\t\t\t\t\t\t\t<\/div>\n\t\t\t\t<\/div>\n\t\t\t\t\t<\/div>\n\t\t<\/div>\n\t\t\t\t\t<\/div>\n\t\t<\/section>\n\t\t\t\t<section class=\"elementor-section elementor-top-section elementor-element elementor-element-70decb7 elementor-section-boxed elementor-section-height-default elementor-section-height-default\" data-id=\"70decb7\" data-element_type=\"section\" data-e-type=\"section\">\n\t\t\t\t\t\t<div class=\"elementor-container elementor-column-gap-default\">\n\t\t\t\t\t<div class=\"elementor-column elementor-col-100 elementor-top-column elementor-element elementor-element-8a6d6c1\" data-id=\"8a6d6c1\" data-element_type=\"column\" data-e-type=\"column\">\n\t\t\t<div class=\"elementor-widget-wrap elementor-element-populated\">\n\t\t\t\t\t\t<div class=\"elementor-element elementor-element-f5b93a2 elementor-widget elementor-widget-heading\" data-id=\"f5b93a2\" data-element_type=\"widget\" data-e-type=\"widget\" data-widget_type=\"heading.default\">\n\t\t\t\t<div class=\"elementor-widget-container\">\n\t\t\t\t\t<h3 class=\"elementor-heading-title elementor-size-default\">Lieu de luxe sur la C\u00f4te d'Azur<\/h3>\t\t\t\t<\/div>\n\t\t\t\t<\/div>\n\t\t\t\t<div class=\"elementor-element elementor-element-1341b27 elementor-widget elementor-widget-text-editor\" data-id=\"1341b27\" data-element_type=\"widget\" data-e-type=\"widget\" data-widget_type=\"text-editor.default\">\n\t\t\t\t<div class=\"elementor-widget-container\">\n\t\t\t\t\t\t\t\t\t<p>D\u00e9couvrez notre s\u00e9lection des plus belles villas \u00e0 louer pour votre mariage.<\/p>\n\t\t\t\t\t\t\t\t<\/div>\n\t\t\t\t<\/div>\n\t\t\t\t\t<\/div>\n\t\t<\/div>\n\t\t\t\t\t<\/div>\n\t\t<\/section>\n\t\t\t\t<\/div>\n\t\t","protected":false},"excerpt":{"rendered":"<p>Lieu du mariage Lieu de mariage Cannes Dans le c\u0153ur illustre de Cannes, les villas de luxe sont l&rsquo;incarnation de l&rsquo;\u00e9l\u00e9gance et de la sophistication, offrant aux couples un cadre idyllique pour entamer leur voyage d&rsquo;amour. Ces domaines exquis, souvent nich\u00e9s au c\u0153ur de jardins m\u00e9diterran\u00e9ens luxuriants et surplombant la C\u00f4te d&rsquo;Azur, offrent un cadre&hellip; <a class=\"more-link\" href=\"https:\/\/cannesvillas.fr\/fr\/lieu-du-mariage\/\">Poursuivre la lecture <span class=\"screen-reader-text\">Lieu du mariage<\/span><\/a><\/p>\n","protected":false},"author":2,"featured_media":8686,"parent":0,"menu_order":0,"comment_status":"closed","ping_status":"closed","template":"elementor_header_footer","meta":{"_acf_changed":false,"footnotes":""},"class_list":["post-10346","page","type-page","status-publish","has-post-thumbnail","hentry","entry"],"acf":[],"yoast_head":"<!-- This site is optimized with the Yoast SEO plugin v27.3 - https:\/\/yoast.com\/product\/yoast-seo-wordpress\/ -->\n<title>Lieu de mariage Cannes - Lieu de mariage Riviera - Cannes Villas.<\/title>\n<meta name=\"description\" content=\"D\u00e9couvrez votre lieu de mariage de luxe \u00e0 Cannes parmi nos villas de luxe et trouvez l&#039;endroit id\u00e9al pour l&#039;\u00e9tape la plus cruciale de votre vie.\" \/>\n<meta name=\"robots\" content=\"index, follow, max-snippet:-1, max-image-preview:large, max-video-preview:-1\" \/>\n<link rel=\"canonical\" href=\"https:\/\/cannesvillas.fr\/fr\/lieu-du-mariage\/\" \/>\n<meta property=\"og:locale\" content=\"fr_FR\" \/>\n<meta property=\"og:type\" content=\"article\" \/>\n<meta property=\"og:title\" content=\"Lieu de mariage Cannes - Lieu de mariage Riviera - Cannes Villas.\" \/>\n<meta property=\"og:description\" content=\"D\u00e9couvrez votre lieu de mariage de luxe \u00e0 Cannes parmi nos villas de luxe et trouvez l&#039;endroit id\u00e9al pour l&#039;\u00e9tape la plus cruciale de votre vie.\" \/>\n<meta property=\"og:url\" content=\"https:\/\/cannesvillas.fr\/fr\/lieu-du-mariage\/\" \/>\n<meta property=\"og:site_name\" content=\"Cannes Villas\" \/>\n<meta property=\"article:modified_time\" content=\"2023-10-30T13:17:56+00:00\" \/>\n<meta property=\"og:image\" content=\"https:\/\/cannesvillas.fr\/wp-content\/uploads\/2023\/10\/Wedding-Venue-Cannes.jpeg\" \/>\n\t<meta property=\"og:image:width\" content=\"1404\" \/>\n\t<meta property=\"og:image:height\" content=\"936\" \/>\n\t<meta property=\"og:image:type\" content=\"image\/jpeg\" \/>\n<meta name=\"twitter:card\" content=\"summary_large_image\" \/>\n<meta name=\"twitter:label1\" content=\"Dur\u00e9e de lecture estim\u00e9e\" \/>\n\t<meta name=\"twitter:data1\" content=\"1 minute\" \/>\n<script type=\"application\/ld+json\" class=\"yoast-schema-graph\">{\"@context\":\"https:\\\/\\\/schema.org\",\"@graph\":[{\"@type\":\"WebPage\",\"@id\":\"https:\\\/\\\/cannesvillas.fr\\\/fr\\\/lieu-du-mariage\\\/\",\"url\":\"https:\\\/\\\/cannesvillas.fr\\\/fr\\\/lieu-du-mariage\\\/\",\"name\":\"Lieu de mariage Cannes - Lieu de mariage Riviera - Cannes Villas.\",\"isPartOf\":{\"@id\":\"https:\\\/\\\/cannesvillas.fr\\\/fr\\\/#website\"},\"primaryImageOfPage\":{\"@id\":\"https:\\\/\\\/cannesvillas.fr\\\/fr\\\/lieu-du-mariage\\\/#primaryimage\"},\"image\":{\"@id\":\"https:\\\/\\\/cannesvillas.fr\\\/fr\\\/lieu-du-mariage\\\/#primaryimage\"},\"thumbnailUrl\":\"https:\\\/\\\/cannesvillas.fr\\\/wp-content\\\/uploads\\\/2023\\\/10\\\/Wedding-Venue-Cannes.jpeg\",\"datePublished\":\"2023-10-05T13:01:19+00:00\",\"dateModified\":\"2023-10-30T13:17:56+00:00\",\"description\":\"D\u00e9couvrez votre lieu de mariage de luxe \u00e0 Cannes parmi nos villas de luxe et trouvez l'endroit id\u00e9al pour l'\u00e9tape la plus cruciale de votre vie.\",\"breadcrumb\":{\"@id\":\"https:\\\/\\\/cannesvillas.fr\\\/fr\\\/lieu-du-mariage\\\/#breadcrumb\"},\"inLanguage\":\"fr-FR\",\"potentialAction\":[{\"@type\":\"ReadAction\",\"target\":[\"https:\\\/\\\/cannesvillas.fr\\\/fr\\\/lieu-du-mariage\\\/\"]}]},{\"@type\":\"ImageObject\",\"inLanguage\":\"fr-FR\",\"@id\":\"https:\\\/\\\/cannesvillas.fr\\\/fr\\\/lieu-du-mariage\\\/#primaryimage\",\"url\":\"https:\\\/\\\/cannesvillas.fr\\\/wp-content\\\/uploads\\\/2023\\\/10\\\/Wedding-Venue-Cannes.jpeg\",\"contentUrl\":\"https:\\\/\\\/cannesvillas.fr\\\/wp-content\\\/uploads\\\/2023\\\/10\\\/Wedding-Venue-Cannes.jpeg\",\"width\":1404,\"height\":936},{\"@type\":\"BreadcrumbList\",\"@id\":\"https:\\\/\\\/cannesvillas.fr\\\/fr\\\/lieu-du-mariage\\\/#breadcrumb\",\"itemListElement\":[{\"@type\":\"ListItem\",\"position\":1,\"name\":\"Home\",\"item\":\"https:\\\/\\\/cannesvillas.fr\\\/fr\\\/\"},{\"@type\":\"ListItem\",\"position\":2,\"name\":\"Lieu du mariage\"}]},{\"@type\":\"WebSite\",\"@id\":\"https:\\\/\\\/cannesvillas.fr\\\/fr\\\/#website\",\"url\":\"https:\\\/\\\/cannesvillas.fr\\\/fr\\\/\",\"name\":\"Cannes Villas\",\"description\":\"Cannes Villas Rental\",\"publisher\":{\"@id\":\"https:\\\/\\\/cannesvillas.fr\\\/fr\\\/#organization\"},\"potentialAction\":[{\"@type\":\"SearchAction\",\"target\":{\"@type\":\"EntryPoint\",\"urlTemplate\":\"https:\\\/\\\/cannesvillas.fr\\\/fr\\\/?s={search_term_string}\"},\"query-input\":{\"@type\":\"PropertyValueSpecification\",\"valueRequired\":true,\"valueName\":\"search_term_string\"}}],\"inLanguage\":\"fr-FR\"},{\"@type\":\"Organization\",\"@id\":\"https:\\\/\\\/cannesvillas.fr\\\/fr\\\/#organization\",\"name\":\"Cannes Villas\",\"url\":\"https:\\\/\\\/cannesvillas.fr\\\/fr\\\/\",\"logo\":{\"@type\":\"ImageObject\",\"inLanguage\":\"fr-FR\",\"@id\":\"https:\\\/\\\/cannesvillas.fr\\\/fr\\\/#\\\/schema\\\/logo\\\/image\\\/\",\"url\":\"https:\\\/\\\/cannesvillas.fr\\\/wp-content\\\/uploads\\\/2022\\\/01\\\/Cannes-Villa-Logo.jpg\",\"contentUrl\":\"https:\\\/\\\/cannesvillas.fr\\\/wp-content\\\/uploads\\\/2022\\\/01\\\/Cannes-Villa-Logo.jpg\",\"width\":1704,\"height\":1704,\"caption\":\"Cannes Villas\"},\"image\":{\"@id\":\"https:\\\/\\\/cannesvillas.fr\\\/fr\\\/#\\\/schema\\\/logo\\\/image\\\/\"}}]}<\/script>\n<!-- \/ Yoast SEO plugin. -->","yoast_head_json":{"title":"Lieu de mariage Cannes - Lieu de mariage Riviera - Cannes Villas.","description":"D\u00e9couvrez votre lieu de mariage de luxe \u00e0 Cannes parmi nos villas de luxe et trouvez l'endroit id\u00e9al pour l'\u00e9tape la plus cruciale de votre vie.","robots":{"index":"index","follow":"follow","max-snippet":"max-snippet:-1","max-image-preview":"max-image-preview:large","max-video-preview":"max-video-preview:-1"},"canonical":"https:\/\/cannesvillas.fr\/fr\/lieu-du-mariage\/","og_locale":"fr_FR","og_type":"article","og_title":"Lieu de mariage Cannes - Lieu de mariage Riviera - Cannes Villas.","og_description":"D\u00e9couvrez votre lieu de mariage de luxe \u00e0 Cannes parmi nos villas de luxe et trouvez l'endroit id\u00e9al pour l'\u00e9tape la plus cruciale de votre vie.","og_url":"https:\/\/cannesvillas.fr\/fr\/lieu-du-mariage\/","og_site_name":"Cannes Villas","article_modified_time":"2023-10-30T13:17:56+00:00","og_image":[{"width":1404,"height":936,"url":"https:\/\/cannesvillas.fr\/wp-content\/uploads\/2023\/10\/Wedding-Venue-Cannes.jpeg","type":"image\/jpeg"}],"twitter_card":"summary_large_image","twitter_misc":{"Dur\u00e9e de lecture estim\u00e9e":"1 minute"},"schema":{"@context":"https:\/\/schema.org","@graph":[{"@type":"WebPage","@id":"https:\/\/cannesvillas.fr\/fr\/lieu-du-mariage\/","url":"https:\/\/cannesvillas.fr\/fr\/lieu-du-mariage\/","name":"Lieu de mariage Cannes - Lieu de mariage Riviera - Cannes Villas.","isPartOf":{"@id":"https:\/\/cannesvillas.fr\/fr\/#website"},"primaryImageOfPage":{"@id":"https:\/\/cannesvillas.fr\/fr\/lieu-du-mariage\/#primaryimage"},"image":{"@id":"https:\/\/cannesvillas.fr\/fr\/lieu-du-mariage\/#primaryimage"},"thumbnailUrl":"https:\/\/cannesvillas.fr\/wp-content\/uploads\/2023\/10\/Wedding-Venue-Cannes.jpeg","datePublished":"2023-10-05T13:01:19+00:00","dateModified":"2023-10-30T13:17:56+00:00","description":"D\u00e9couvrez votre lieu de mariage de luxe \u00e0 Cannes parmi nos villas de luxe et trouvez l'endroit id\u00e9al pour l'\u00e9tape la plus cruciale de votre vie.","breadcrumb":{"@id":"https:\/\/cannesvillas.fr\/fr\/lieu-du-mariage\/#breadcrumb"},"inLanguage":"fr-FR","potentialAction":[{"@type":"ReadAction","target":["https:\/\/cannesvillas.fr\/fr\/lieu-du-mariage\/"]}]},{"@type":"ImageObject","inLanguage":"fr-FR","@id":"https:\/\/cannesvillas.fr\/fr\/lieu-du-mariage\/#primaryimage","url":"https:\/\/cannesvillas.fr\/wp-content\/uploads\/2023\/10\/Wedding-Venue-Cannes.jpeg","contentUrl":"https:\/\/cannesvillas.fr\/wp-content\/uploads\/2023\/10\/Wedding-Venue-Cannes.jpeg","width":1404,"height":936},{"@type":"BreadcrumbList","@id":"https:\/\/cannesvillas.fr\/fr\/lieu-du-mariage\/#breadcrumb","itemListElement":[{"@type":"ListItem","position":1,"name":"Home","item":"https:\/\/cannesvillas.fr\/fr\/"},{"@type":"ListItem","position":2,"name":"Lieu du mariage"}]},{"@type":"WebSite","@id":"https:\/\/cannesvillas.fr\/fr\/#website","url":"https:\/\/cannesvillas.fr\/fr\/","name":"Cannes Villas","description":"Cannes Villas Rental","publisher":{"@id":"https:\/\/cannesvillas.fr\/fr\/#organization"},"potentialAction":[{"@type":"SearchAction","target":{"@type":"EntryPoint","urlTemplate":"https:\/\/cannesvillas.fr\/fr\/?s={search_term_string}"},"query-input":{"@type":"PropertyValueSpecification","valueRequired":true,"valueName":"search_term_string"}}],"inLanguage":"fr-FR"},{"@type":"Organization","@id":"https:\/\/cannesvillas.fr\/fr\/#organization","name":"Cannes Villas","url":"https:\/\/cannesvillas.fr\/fr\/","logo":{"@type":"ImageObject","inLanguage":"fr-FR","@id":"https:\/\/cannesvillas.fr\/fr\/#\/schema\/logo\/image\/","url":"https:\/\/cannesvillas.fr\/wp-content\/uploads\/2022\/01\/Cannes-Villa-Logo.jpg","contentUrl":"https:\/\/cannesvillas.fr\/wp-content\/uploads\/2022\/01\/Cannes-Villa-Logo.jpg","width":1704,"height":1704,"caption":"Cannes Villas"},"image":{"@id":"https:\/\/cannesvillas.fr\/fr\/#\/schema\/logo\/image\/"}}]}},"distributor_meta":false,"distributor_terms":false,"distributor_media":false,"distributor_original_site_name":"Cannes Villas","distributor_original_site_url":"https:\/\/cannesvillas.fr\/fr\/","push-errors":false,"_links":{"self":[{"href":"https:\/\/cannesvillas.fr\/fr\/wp-json\/wp\/v2\/pages\/10346","targetHints":{"allow":["GET"]}}],"collection":[{"href":"https:\/\/cannesvillas.fr\/fr\/wp-json\/wp\/v2\/pages"}],"about":[{"href":"https:\/\/cannesvillas.fr\/fr\/wp-json\/wp\/v2\/types\/page"}],"author":[{"embeddable":true,"href":"https:\/\/cannesvillas.fr\/fr\/wp-json\/wp\/v2\/users\/2"}],"replies":[{"embeddable":true,"href":"https:\/\/cannesvillas.fr\/fr\/wp-json\/wp\/v2\/comments?post=10346"}],"version-history":[{"count":2,"href":"https:\/\/cannesvillas.fr\/fr\/wp-json\/wp\/v2\/pages\/10346\/revisions"}],"predecessor-version":[{"id":10366,"href":"https:\/\/cannesvillas.fr\/fr\/wp-json\/wp\/v2\/pages\/10346\/revisions\/10366"}],"wp:featuredmedia":[{"embeddable":true,"href":"https:\/\/cannesvillas.fr\/fr\/wp-json\/wp\/v2\/media\/8686"}],"wp:attachment":[{"href":"https:\/\/cannesvillas.fr\/fr\/wp-json\/wp\/v2\/media?parent=10346"}],"curies":[{"name":"wp","href":"https:\/\/api.w.org\/{rel}","templated":true}]}}