{"id":10115,"date":"2022-01-15T22:26:47","date_gmt":"2022-01-15T22:26:47","guid":{"rendered":"http:\/\/cannesvillas.fr\/concierge\/"},"modified":"2025-09-19T14:22:26","modified_gmt":"2025-09-19T14:22:26","slug":"concierge","status":"publish","type":"page","link":"https:\/\/cannesvillas.fr\/fr\/concierge\/","title":{"rendered":"Concierge"},"content":{"rendered":"\t\t<div data-elementor-type=\"wp-page\" data-elementor-id=\"10115\" class=\"elementor elementor-10115 elementor-337\" data-elementor-post-type=\"page\">\n\t\t\t\t\t\t<section class=\"elementor-section elementor-top-section elementor-element elementor-element-7775676 elementor-section-height-min-height elementor-section-boxed elementor-section-height-default elementor-section-items-middle\" data-id=\"7775676\" data-element_type=\"section\" data-e-type=\"section\" data-settings=\"{&quot;background_background&quot;:&quot;classic&quot;}\">\n\t\t\t\t\t\t<div class=\"elementor-container elementor-column-gap-default\">\n\t\t\t\t\t<div class=\"elementor-column elementor-col-100 elementor-top-column elementor-element elementor-element-9cb90af\" data-id=\"9cb90af\" data-element_type=\"column\" data-e-type=\"column\">\n\t\t\t<div class=\"elementor-widget-wrap elementor-element-populated\">\n\t\t\t\t\t\t<div class=\"elementor-element elementor-element-bc06590 elementor-widget elementor-widget-heading\" data-id=\"bc06590\" data-element_type=\"widget\" data-e-type=\"widget\" data-widget_type=\"heading.default\">\n\t\t\t\t<div class=\"elementor-widget-container\">\n\t\t\t\t\t<h2 class=\"elementor-heading-title elementor-size-default\">CONCIERGE<\/h2>\t\t\t\t<\/div>\n\t\t\t\t<\/div>\n\t\t\t\t\t<\/div>\n\t\t<\/div>\n\t\t\t\t\t<\/div>\n\t\t<\/section>\n\t\t\t\t<section class=\"elementor-section elementor-top-section elementor-element elementor-element-9da68ef elementor-section-boxed elementor-section-height-default elementor-section-height-default\" data-id=\"9da68ef\" data-element_type=\"section\" data-e-type=\"section\">\n\t\t\t\t\t\t<div class=\"elementor-container elementor-column-gap-default\">\n\t\t\t\t\t<div class=\"elementor-column elementor-col-100 elementor-top-column elementor-element elementor-element-6726422\" data-id=\"6726422\" data-element_type=\"column\" data-e-type=\"column\">\n\t\t\t<div class=\"elementor-widget-wrap elementor-element-populated\">\n\t\t\t\t\t\t<div class=\"elementor-element elementor-element-61f4c80 elementor-widget elementor-widget-heading\" data-id=\"61f4c80\" data-element_type=\"widget\" data-e-type=\"widget\" data-widget_type=\"heading.default\">\n\t\t\t\t<div class=\"elementor-widget-container\">\n\t\t\t\t\t<h1 class=\"elementor-heading-title elementor-size-default\">Conciergerie de luxe \u00e0 Cannes<\/h1>\t\t\t\t<\/div>\n\t\t\t\t<\/div>\n\t\t\t\t<div class=\"elementor-element elementor-element-78c84e8 elementor-widget elementor-widget-heading\" data-id=\"78c84e8\" data-element_type=\"widget\" data-e-type=\"widget\" data-widget_type=\"heading.default\">\n\t\t\t\t<div class=\"elementor-widget-container\">\n\t\t\t\t\t<h6 class=\"elementor-heading-title elementor-size-default\">Cannes CONCIERGE Services<\/h6>\t\t\t\t<\/div>\n\t\t\t\t<\/div>\n\t\t\t\t<div class=\"elementor-element elementor-element-f341bd7 elementor-widget elementor-widget-text-editor\" data-id=\"f341bd7\" data-element_type=\"widget\" data-e-type=\"widget\" data-widget_type=\"text-editor.default\">\n\t\t\t\t<div class=\"elementor-widget-container\">\n\t\t\t\t\t\t\t\t\t<p>Pendant que vous vous d\u00e9tendez dans votre villa \u00e0 Cannes, vous pouvez compter sur nos services de conciergerie de luxe pour faire l&rsquo;exp\u00e9rience du plus grand luxe. Notre \u00e9quipe bien inform\u00e9e organisera pour vous tout ce que vous pouvez d\u00e9sirer, des r\u00e9servations dans les clubs de plage les plus prestigieux, des vols en jet priv\u00e9, des transferts en h\u00e9licopt\u00e8re, des chefs priv\u00e9s et bien d&rsquo;autres choses encore. C&rsquo;est \u00e0 vous d&rsquo;en profiter, laissez-nous nous occuper du reste.  <\/p>\t\t\t\t\t\t\t\t<\/div>\n\t\t\t\t<\/div>\n\t\t\t\t\t<\/div>\n\t\t<\/div>\n\t\t\t\t\t<\/div>\n\t\t<\/section>\n\t\t<div class=\"elementor-element elementor-element-0a0a1c3 e-flex e-con-boxed e-con e-parent\" data-id=\"0a0a1c3\" data-element_type=\"container\" data-e-type=\"container\">\n\t\t\t\t\t<div class=\"e-con-inner\">\n\t\t\t\t<div class=\"elementor-element elementor-element-9a8b9fc elementor-posts--align-center elementor-grid-3 elementor-grid-tablet-2 elementor-grid-mobile-1 elementor-posts--thumbnail-top elementor-widget elementor-widget-posts\" data-id=\"9a8b9fc\" data-element_type=\"widget\" data-e-type=\"widget\" data-settings=\"{&quot;classic_masonry&quot;:&quot;yes&quot;,&quot;classic_columns&quot;:&quot;3&quot;,&quot;classic_columns_tablet&quot;:&quot;2&quot;,&quot;classic_columns_mobile&quot;:&quot;1&quot;,&quot;classic_row_gap&quot;:{&quot;unit&quot;:&quot;px&quot;,&quot;size&quot;:35,&quot;sizes&quot;:[]},&quot;classic_row_gap_tablet&quot;:{&quot;unit&quot;:&quot;px&quot;,&quot;size&quot;:&quot;&quot;,&quot;sizes&quot;:[]},&quot;classic_row_gap_mobile&quot;:{&quot;unit&quot;:&quot;px&quot;,&quot;size&quot;:&quot;&quot;,&quot;sizes&quot;:[]}}\" data-widget_type=\"posts.classic\">\n\t\t\t\t<div class=\"elementor-widget-container\">\n\t\t\t\t\t\t\t<div class=\"elementor-posts-container elementor-posts elementor-posts--skin-classic elementor-grid\" role=\"list\">\n\t\t\t\t<article class=\"elementor-post elementor-grid-item post-20570 concierges type-concierges status-publish has-post-thumbnail hentry entry\" role=\"listitem\">\n\t\t\t\t<a class=\"elementor-post__thumbnail__link\" href=\"https:\/\/cannesvillas.fr\/fr\/concierges\/private-jets\/\" tabindex=\"-1\" >\n\t\t\t<div class=\"elementor-post__thumbnail\"><img fetchpriority=\"high\" decoding=\"async\" width=\"750\" height=\"500\" src=\"https:\/\/cannesvillas.fr\/wp-content\/uploads\/2022\/01\/Private-Jets-to-Cannes-1024x683.jpg\" class=\"attachment-large size-large wp-image-505\" alt=\"\" style=\"width:100%;height:66.7%;max-width:2000px\" srcset=\"https:\/\/cannesvillas.fr\/wp-content\/uploads\/2022\/01\/Private-Jets-to-Cannes-1024x683.jpg 1024w, https:\/\/cannesvillas.fr\/wp-content\/uploads\/2022\/01\/Private-Jets-to-Cannes-300x200.jpg 300w, https:\/\/cannesvillas.fr\/wp-content\/uploads\/2022\/01\/Private-Jets-to-Cannes-768x512.jpg 768w, https:\/\/cannesvillas.fr\/wp-content\/uploads\/2022\/01\/Private-Jets-to-Cannes-1536x1025.jpg 1536w, https:\/\/cannesvillas.fr\/wp-content\/uploads\/2022\/01\/Private-Jets-to-Cannes-1568x1046.jpg 1568w, https:\/\/cannesvillas.fr\/wp-content\/uploads\/2022\/01\/Private-Jets-to-Cannes.jpg 2000w\" sizes=\"(max-width: 750px) 100vw, 750px\" \/><\/div>\n\t\t<\/a>\n\t\t\t\t<div class=\"elementor-post__text\">\n\t\t\t\t<h3 class=\"elementor-post__title\">\n\t\t\t<a href=\"https:\/\/cannesvillas.fr\/fr\/concierges\/private-jets\/\" >\n\t\t\t\tPrivate Jets\t\t\t<\/a>\n\t\t<\/h3>\n\t\t\t\t<\/div>\n\t\t\t\t<\/article>\n\t\t\t\t<article class=\"elementor-post elementor-grid-item post-20522 concierges type-concierges status-publish has-post-thumbnail hentry entry\" role=\"listitem\">\n\t\t\t\t<a class=\"elementor-post__thumbnail__link\" href=\"https:\/\/cannesvillas.fr\/fr\/concierges\/private-chef\/\" tabindex=\"-1\" >\n\t\t\t<div class=\"elementor-post__thumbnail\"><img decoding=\"async\" width=\"750\" height=\"500\" data-src=\"https:\/\/cannesvillas.fr\/wp-content\/uploads\/2024\/08\/Effet-Mer-Imagery-1-1024x683.png\" class=\"attachment-large size-large wp-image-14849 lazyload\" alt=\"\" style=\"--smush-placeholder-width: 750px; --smush-placeholder-aspect-ratio: 750\/500;width:100%;height:66.7%;max-width:2000px\" data-srcset=\"https:\/\/cannesvillas.fr\/wp-content\/uploads\/2024\/08\/Effet-Mer-Imagery-1-1024x683.png 1024w, https:\/\/cannesvillas.fr\/wp-content\/uploads\/2024\/08\/Effet-Mer-Imagery-1-300x200.png 300w, https:\/\/cannesvillas.fr\/wp-content\/uploads\/2024\/08\/Effet-Mer-Imagery-1-768x512.png 768w, https:\/\/cannesvillas.fr\/wp-content\/uploads\/2024\/08\/Effet-Mer-Imagery-1-1536x1025.png 1536w, https:\/\/cannesvillas.fr\/wp-content\/uploads\/2024\/08\/Effet-Mer-Imagery-1-1568x1046.png 1568w, https:\/\/cannesvillas.fr\/wp-content\/uploads\/2024\/08\/Effet-Mer-Imagery-1.png 2000w\" data-sizes=\"(max-width: 750px) 100vw, 750px\" src=\"data:image\/svg+xml;base64,PHN2ZyB3aWR0aD0iMSIgaGVpZ2h0PSIxIiB4bWxucz0iaHR0cDovL3d3dy53My5vcmcvMjAwMC9zdmciPjwvc3ZnPg==\" \/><\/div>\n\t\t<\/a>\n\t\t\t\t<div class=\"elementor-post__text\">\n\t\t\t\t<h3 class=\"elementor-post__title\">\n\t\t\t<a href=\"https:\/\/cannesvillas.fr\/fr\/concierges\/private-chef\/\" >\n\t\t\t\tPrivate Chef\t\t\t<\/a>\n\t\t<\/h3>\n\t\t\t\t<\/div>\n\t\t\t\t<\/article>\n\t\t\t\t<article class=\"elementor-post elementor-grid-item post-20564 concierges type-concierges status-publish has-post-thumbnail hentry entry\" role=\"listitem\">\n\t\t\t\t<a class=\"elementor-post__thumbnail__link\" href=\"https:\/\/cannesvillas.fr\/fr\/concierges\/luxury-cars\/\" tabindex=\"-1\" >\n\t\t\t<div class=\"elementor-post__thumbnail\"><img decoding=\"async\" width=\"750\" height=\"500\" data-src=\"https:\/\/cannesvillas.fr\/wp-content\/uploads\/2022\/01\/Cars-1-1024x682.jpg\" class=\"attachment-large size-large wp-image-226 lazyload\" alt=\"\" style=\"--smush-placeholder-width: 750px; --smush-placeholder-aspect-ratio: 750\/500;width:100%;height:66.65%;max-width:2000px\" data-srcset=\"https:\/\/cannesvillas.fr\/wp-content\/uploads\/2022\/01\/Cars-1-1024x682.jpg 1024w, https:\/\/cannesvillas.fr\/wp-content\/uploads\/2022\/01\/Cars-1-300x200.jpg 300w, https:\/\/cannesvillas.fr\/wp-content\/uploads\/2022\/01\/Cars-1-768x512.jpg 768w, https:\/\/cannesvillas.fr\/wp-content\/uploads\/2022\/01\/Cars-1-1536x1024.jpg 1536w, https:\/\/cannesvillas.fr\/wp-content\/uploads\/2022\/01\/Cars-1-1568x1045.jpg 1568w, https:\/\/cannesvillas.fr\/wp-content\/uploads\/2022\/01\/Cars-1.jpg 2000w\" data-sizes=\"(max-width: 750px) 100vw, 750px\" src=\"data:image\/svg+xml;base64,PHN2ZyB3aWR0aD0iMSIgaGVpZ2h0PSIxIiB4bWxucz0iaHR0cDovL3d3dy53My5vcmcvMjAwMC9zdmciPjwvc3ZnPg==\" \/><\/div>\n\t\t<\/a>\n\t\t\t\t<div class=\"elementor-post__text\">\n\t\t\t\t<h3 class=\"elementor-post__title\">\n\t\t\t<a href=\"https:\/\/cannesvillas.fr\/fr\/concierges\/luxury-cars\/\" >\n\t\t\t\tLuxury Cars\t\t\t<\/a>\n\t\t<\/h3>\n\t\t\t\t<\/div>\n\t\t\t\t<\/article>\n\t\t\t\t<article class=\"elementor-post elementor-grid-item post-20575 concierges type-concierges status-publish has-post-thumbnail hentry entry\" role=\"listitem\">\n\t\t\t\t<a class=\"elementor-post__thumbnail__link\" href=\"https:\/\/cannesvillas.fr\/fr\/concierges\/helicopters\/\" tabindex=\"-1\" >\n\t\t\t<div class=\"elementor-post__thumbnail\"><img decoding=\"async\" width=\"750\" height=\"500\" data-src=\"https:\/\/cannesvillas.fr\/wp-content\/uploads\/2022\/01\/Helicopters-in-Cannes-1024x683.jpg\" class=\"attachment-large size-large wp-image-346 lazyload\" alt=\"Helicopters in Cannes\" style=\"--smush-placeholder-width: 750px; --smush-placeholder-aspect-ratio: 750\/500;width:100%;height:66.7%;max-width:2000px\" data-srcset=\"https:\/\/cannesvillas.fr\/wp-content\/uploads\/2022\/01\/Helicopters-in-Cannes-1024x683.jpg 1024w, https:\/\/cannesvillas.fr\/wp-content\/uploads\/2022\/01\/Helicopters-in-Cannes-300x200.jpg 300w, https:\/\/cannesvillas.fr\/wp-content\/uploads\/2022\/01\/Helicopters-in-Cannes-768x512.jpg 768w, https:\/\/cannesvillas.fr\/wp-content\/uploads\/2022\/01\/Helicopters-in-Cannes-1536x1025.jpg 1536w, https:\/\/cannesvillas.fr\/wp-content\/uploads\/2022\/01\/Helicopters-in-Cannes-1568x1046.jpg 1568w, https:\/\/cannesvillas.fr\/wp-content\/uploads\/2022\/01\/Helicopters-in-Cannes.jpg 2000w\" data-sizes=\"(max-width: 750px) 100vw, 750px\" src=\"data:image\/svg+xml;base64,PHN2ZyB3aWR0aD0iMSIgaGVpZ2h0PSIxIiB4bWxucz0iaHR0cDovL3d3dy53My5vcmcvMjAwMC9zdmciPjwvc3ZnPg==\" \/><\/div>\n\t\t<\/a>\n\t\t\t\t<div class=\"elementor-post__text\">\n\t\t\t\t<h3 class=\"elementor-post__title\">\n\t\t\t<a href=\"https:\/\/cannesvillas.fr\/fr\/concierges\/helicopters\/\" >\n\t\t\t\tHelicopters\t\t\t<\/a>\n\t\t<\/h3>\n\t\t\t\t<\/div>\n\t\t\t\t<\/article>\n\t\t\t\t<\/div>\n\t\t\n\t\t\t\t\t\t<\/div>\n\t\t\t\t<\/div>\n\t\t\t\t\t<\/div>\n\t\t\t\t<\/div>\n\t\t\t\t<\/div>\n\t\t","protected":false},"excerpt":{"rendered":"<p>CONCIERGE Conciergerie de luxe \u00e0 Cannes Cannes CONCIERGE Services Pendant que vous vous d\u00e9tendez dans votre villa \u00e0 Cannes, vous pouvez compter sur nos services<\/p>\n","protected":false},"author":2,"featured_media":3874,"parent":0,"menu_order":0,"comment_status":"closed","ping_status":"closed","template":"elementor_header_footer","meta":{"_acf_changed":false,"footnotes":""},"class_list":["post-10115","page","type-page","status-publish","has-post-thumbnail","hentry","entry"],"acf":[],"yoast_head":"<!-- This site is optimized with the Yoast SEO plugin v27.3 - https:\/\/yoast.com\/product\/yoast-seo-wordpress\/ -->\n<title>Concierge de luxe \u00e0 Cannes -Cannes Villas%.<\/title>\n<meta name=\"description\" content=\"Pendant que vous profitez d&#039;une location de villa, vous pouvez compter sur la conciergerie de luxe de Cannes pour r\u00e9pondre \u00e0 tous vos besoins, qu&#039;il s&#039;agisse d&#039;un chef cuisinier ou d&#039;un jet priv\u00e9.\" \/>\n<meta name=\"robots\" content=\"index, follow, max-snippet:-1, max-image-preview:large, max-video-preview:-1\" \/>\n<link rel=\"canonical\" href=\"https:\/\/cannesvillas.fr\/fr\/concierge\/\" \/>\n<meta property=\"og:locale\" content=\"fr_FR\" \/>\n<meta property=\"og:type\" content=\"article\" \/>\n<meta property=\"og:title\" content=\"Concierge de luxe \u00e0 Cannes -Cannes Villas%.\" \/>\n<meta property=\"og:description\" content=\"Pendant que vous profitez d&#039;une location de villa, vous pouvez compter sur la conciergerie de luxe de Cannes pour r\u00e9pondre \u00e0 tous vos besoins, qu&#039;il s&#039;agisse d&#039;un chef cuisinier ou d&#039;un jet priv\u00e9.\" \/>\n<meta property=\"og:url\" content=\"https:\/\/cannesvillas.fr\/fr\/concierge\/\" \/>\n<meta property=\"og:site_name\" content=\"Cannes Villas\" \/>\n<meta property=\"article:modified_time\" content=\"2025-09-19T14:22:26+00:00\" \/>\n<meta property=\"og:image\" content=\"https:\/\/cannesvillas.fr\/wp-content\/uploads\/2022\/01\/Cars-1.jpg\" \/>\n\t<meta property=\"og:image:width\" content=\"2000\" \/>\n\t<meta property=\"og:image:height\" content=\"1333\" \/>\n\t<meta property=\"og:image:type\" content=\"image\/jpeg\" \/>\n<meta name=\"twitter:card\" content=\"summary_large_image\" \/>\n<script type=\"application\/ld+json\" class=\"yoast-schema-graph\">{\"@context\":\"https:\\\/\\\/schema.org\",\"@graph\":[{\"@type\":\"WebPage\",\"@id\":\"https:\\\/\\\/cannesvillas.fr\\\/fr\\\/concierge\\\/\",\"url\":\"https:\\\/\\\/cannesvillas.fr\\\/fr\\\/concierge\\\/\",\"name\":\"Concierge de luxe \u00e0 Cannes -Cannes Villas%.\",\"isPartOf\":{\"@id\":\"https:\\\/\\\/cannesvillas.fr\\\/fr\\\/#website\"},\"primaryImageOfPage\":{\"@id\":\"https:\\\/\\\/cannesvillas.fr\\\/fr\\\/concierge\\\/#primaryimage\"},\"image\":{\"@id\":\"https:\\\/\\\/cannesvillas.fr\\\/fr\\\/concierge\\\/#primaryimage\"},\"thumbnailUrl\":\"https:\\\/\\\/cannesvillas.fr\\\/wp-content\\\/uploads\\\/2022\\\/01\\\/Cars-1.jpg\",\"datePublished\":\"2022-01-15T22:26:47+00:00\",\"dateModified\":\"2025-09-19T14:22:26+00:00\",\"description\":\"Pendant que vous profitez d'une location de villa, vous pouvez compter sur la conciergerie de luxe de Cannes pour r\u00e9pondre \u00e0 tous vos besoins, qu'il s'agisse d'un chef cuisinier ou d'un jet priv\u00e9.\",\"breadcrumb\":{\"@id\":\"https:\\\/\\\/cannesvillas.fr\\\/fr\\\/concierge\\\/#breadcrumb\"},\"inLanguage\":\"fr-FR\",\"potentialAction\":[{\"@type\":\"ReadAction\",\"target\":[\"https:\\\/\\\/cannesvillas.fr\\\/fr\\\/concierge\\\/\"]}]},{\"@type\":\"ImageObject\",\"inLanguage\":\"fr-FR\",\"@id\":\"https:\\\/\\\/cannesvillas.fr\\\/fr\\\/concierge\\\/#primaryimage\",\"url\":\"https:\\\/\\\/cannesvillas.fr\\\/wp-content\\\/uploads\\\/2022\\\/01\\\/Cars-1.jpg\",\"contentUrl\":\"https:\\\/\\\/cannesvillas.fr\\\/wp-content\\\/uploads\\\/2022\\\/01\\\/Cars-1.jpg\",\"width\":2000,\"height\":1333},{\"@type\":\"BreadcrumbList\",\"@id\":\"https:\\\/\\\/cannesvillas.fr\\\/fr\\\/concierge\\\/#breadcrumb\",\"itemListElement\":[{\"@type\":\"ListItem\",\"position\":1,\"name\":\"Home\",\"item\":\"https:\\\/\\\/cannesvillas.fr\\\/fr\\\/\"},{\"@type\":\"ListItem\",\"position\":2,\"name\":\"Concierge\"}]},{\"@type\":\"WebSite\",\"@id\":\"https:\\\/\\\/cannesvillas.fr\\\/fr\\\/#website\",\"url\":\"https:\\\/\\\/cannesvillas.fr\\\/fr\\\/\",\"name\":\"Cannes Villas\",\"description\":\"Cannes Villas Rental\",\"publisher\":{\"@id\":\"https:\\\/\\\/cannesvillas.fr\\\/fr\\\/#organization\"},\"potentialAction\":[{\"@type\":\"SearchAction\",\"target\":{\"@type\":\"EntryPoint\",\"urlTemplate\":\"https:\\\/\\\/cannesvillas.fr\\\/fr\\\/?s={search_term_string}\"},\"query-input\":{\"@type\":\"PropertyValueSpecification\",\"valueRequired\":true,\"valueName\":\"search_term_string\"}}],\"inLanguage\":\"fr-FR\"},{\"@type\":\"Organization\",\"@id\":\"https:\\\/\\\/cannesvillas.fr\\\/fr\\\/#organization\",\"name\":\"Cannes Villas\",\"url\":\"https:\\\/\\\/cannesvillas.fr\\\/fr\\\/\",\"logo\":{\"@type\":\"ImageObject\",\"inLanguage\":\"fr-FR\",\"@id\":\"https:\\\/\\\/cannesvillas.fr\\\/fr\\\/#\\\/schema\\\/logo\\\/image\\\/\",\"url\":\"https:\\\/\\\/cannesvillas.fr\\\/wp-content\\\/uploads\\\/2022\\\/01\\\/Cannes-Villa-Logo.jpg\",\"contentUrl\":\"https:\\\/\\\/cannesvillas.fr\\\/wp-content\\\/uploads\\\/2022\\\/01\\\/Cannes-Villa-Logo.jpg\",\"width\":1704,\"height\":1704,\"caption\":\"Cannes Villas\"},\"image\":{\"@id\":\"https:\\\/\\\/cannesvillas.fr\\\/fr\\\/#\\\/schema\\\/logo\\\/image\\\/\"}}]}<\/script>\n<!-- \/ Yoast SEO plugin. -->","yoast_head_json":{"title":"Concierge de luxe \u00e0 Cannes -Cannes Villas%.","description":"Pendant que vous profitez d'une location de villa, vous pouvez compter sur la conciergerie de luxe de Cannes pour r\u00e9pondre \u00e0 tous vos besoins, qu'il s'agisse d'un chef cuisinier ou d'un jet priv\u00e9.","robots":{"index":"index","follow":"follow","max-snippet":"max-snippet:-1","max-image-preview":"max-image-preview:large","max-video-preview":"max-video-preview:-1"},"canonical":"https:\/\/cannesvillas.fr\/fr\/concierge\/","og_locale":"fr_FR","og_type":"article","og_title":"Concierge de luxe \u00e0 Cannes -Cannes Villas%.","og_description":"Pendant que vous profitez d'une location de villa, vous pouvez compter sur la conciergerie de luxe de Cannes pour r\u00e9pondre \u00e0 tous vos besoins, qu'il s'agisse d'un chef cuisinier ou d'un jet priv\u00e9.","og_url":"https:\/\/cannesvillas.fr\/fr\/concierge\/","og_site_name":"Cannes Villas","article_modified_time":"2025-09-19T14:22:26+00:00","og_image":[{"width":2000,"height":1333,"url":"https:\/\/cannesvillas.fr\/wp-content\/uploads\/2022\/01\/Cars-1.jpg","type":"image\/jpeg"}],"twitter_card":"summary_large_image","schema":{"@context":"https:\/\/schema.org","@graph":[{"@type":"WebPage","@id":"https:\/\/cannesvillas.fr\/fr\/concierge\/","url":"https:\/\/cannesvillas.fr\/fr\/concierge\/","name":"Concierge de luxe \u00e0 Cannes -Cannes Villas%.","isPartOf":{"@id":"https:\/\/cannesvillas.fr\/fr\/#website"},"primaryImageOfPage":{"@id":"https:\/\/cannesvillas.fr\/fr\/concierge\/#primaryimage"},"image":{"@id":"https:\/\/cannesvillas.fr\/fr\/concierge\/#primaryimage"},"thumbnailUrl":"https:\/\/cannesvillas.fr\/wp-content\/uploads\/2022\/01\/Cars-1.jpg","datePublished":"2022-01-15T22:26:47+00:00","dateModified":"2025-09-19T14:22:26+00:00","description":"Pendant que vous profitez d'une location de villa, vous pouvez compter sur la conciergerie de luxe de Cannes pour r\u00e9pondre \u00e0 tous vos besoins, qu'il s'agisse d'un chef cuisinier ou d'un jet priv\u00e9.","breadcrumb":{"@id":"https:\/\/cannesvillas.fr\/fr\/concierge\/#breadcrumb"},"inLanguage":"fr-FR","potentialAction":[{"@type":"ReadAction","target":["https:\/\/cannesvillas.fr\/fr\/concierge\/"]}]},{"@type":"ImageObject","inLanguage":"fr-FR","@id":"https:\/\/cannesvillas.fr\/fr\/concierge\/#primaryimage","url":"https:\/\/cannesvillas.fr\/wp-content\/uploads\/2022\/01\/Cars-1.jpg","contentUrl":"https:\/\/cannesvillas.fr\/wp-content\/uploads\/2022\/01\/Cars-1.jpg","width":2000,"height":1333},{"@type":"BreadcrumbList","@id":"https:\/\/cannesvillas.fr\/fr\/concierge\/#breadcrumb","itemListElement":[{"@type":"ListItem","position":1,"name":"Home","item":"https:\/\/cannesvillas.fr\/fr\/"},{"@type":"ListItem","position":2,"name":"Concierge"}]},{"@type":"WebSite","@id":"https:\/\/cannesvillas.fr\/fr\/#website","url":"https:\/\/cannesvillas.fr\/fr\/","name":"Cannes Villas","description":"Cannes Villas Rental","publisher":{"@id":"https:\/\/cannesvillas.fr\/fr\/#organization"},"potentialAction":[{"@type":"SearchAction","target":{"@type":"EntryPoint","urlTemplate":"https:\/\/cannesvillas.fr\/fr\/?s={search_term_string}"},"query-input":{"@type":"PropertyValueSpecification","valueRequired":true,"valueName":"search_term_string"}}],"inLanguage":"fr-FR"},{"@type":"Organization","@id":"https:\/\/cannesvillas.fr\/fr\/#organization","name":"Cannes Villas","url":"https:\/\/cannesvillas.fr\/fr\/","logo":{"@type":"ImageObject","inLanguage":"fr-FR","@id":"https:\/\/cannesvillas.fr\/fr\/#\/schema\/logo\/image\/","url":"https:\/\/cannesvillas.fr\/wp-content\/uploads\/2022\/01\/Cannes-Villa-Logo.jpg","contentUrl":"https:\/\/cannesvillas.fr\/wp-content\/uploads\/2022\/01\/Cannes-Villa-Logo.jpg","width":1704,"height":1704,"caption":"Cannes Villas"},"image":{"@id":"https:\/\/cannesvillas.fr\/fr\/#\/schema\/logo\/image\/"}}]}},"distributor_meta":false,"distributor_terms":false,"distributor_media":false,"distributor_original_site_name":"Cannes Villas","distributor_original_site_url":"https:\/\/cannesvillas.fr\/fr\/","push-errors":false,"_links":{"self":[{"href":"https:\/\/cannesvillas.fr\/fr\/wp-json\/wp\/v2\/pages\/10115","targetHints":{"allow":["GET"]}}],"collection":[{"href":"https:\/\/cannesvillas.fr\/fr\/wp-json\/wp\/v2\/pages"}],"about":[{"href":"https:\/\/cannesvillas.fr\/fr\/wp-json\/wp\/v2\/types\/page"}],"author":[{"embeddable":true,"href":"https:\/\/cannesvillas.fr\/fr\/wp-json\/wp\/v2\/users\/2"}],"replies":[{"embeddable":true,"href":"https:\/\/cannesvillas.fr\/fr\/wp-json\/wp\/v2\/comments?post=10115"}],"version-history":[{"count":4,"href":"https:\/\/cannesvillas.fr\/fr\/wp-json\/wp\/v2\/pages\/10115\/revisions"}],"predecessor-version":[{"id":20590,"href":"https:\/\/cannesvillas.fr\/fr\/wp-json\/wp\/v2\/pages\/10115\/revisions\/20590"}],"wp:featuredmedia":[{"embeddable":true,"href":"https:\/\/cannesvillas.fr\/fr\/wp-json\/wp\/v2\/media\/3874"}],"wp:attachment":[{"href":"https:\/\/cannesvillas.fr\/fr\/wp-json\/wp\/v2\/media?parent=10115"}],"curies":[{"name":"wp","href":"https:\/\/api.w.org\/{rel}","templated":true}]}}